{"id":67,"date":"2019-01-09T08:45:32","date_gmt":"2019-01-09T08:45:32","guid":{"rendered":"https:\/\/tickfaster.com\/lv\/?post_type=product&#038;p=67"},"modified":"2024-11-10T14:32:24","modified_gmt":"2024-11-10T12:32:24","slug":"gramata-ideju-radisanas-tehnika","status":"publish","type":"product","link":"https:\/\/tickfaster.com\/lv\/produkti\/gramata-ideju-radisanas-tehnika\/","title":{"rendered":"Gr\u0101mata &#8220;Ideju Rad\u012b\u0161anas Tehnika&#8221;"},"content":{"rendered":"","protected":false},"excerpt":{"rendered":"","protected":false},"featured_media":0,"comment_status":"open","ping_status":"closed","template":"","meta":[],"product_cat":[16],"product_tag":[],"yoast_head":"<!-- This site is optimized with the Yoast SEO plugin v19.14 - https:\/\/yoast.com\/wordpress\/plugins\/seo\/ -->\n<title>Gr\u0101mata &quot;Ideju Rad\u012b\u0161anas Tehnika&quot; - Tick Faster<\/title>\n<meta name=\"robots\" content=\"index, follow, max-snippet:-1, max-image-preview:large, max-video-preview:-1\" \/>\n<link rel=\"canonical\" href=\"https:\/\/tickfaster.com\/lv\/produkti\/gramata-ideju-radisanas-tehnika\/\" \/>\n<meta property=\"og:locale\" content=\"lv_LV\" \/>\n<meta property=\"og:type\" content=\"article\" \/>\n<meta property=\"og:title\" content=\"Gr\u0101mata &quot;Ideju Rad\u012b\u0161anas Tehnika&quot; - Tick Faster\" \/>\n<meta property=\"og:url\" content=\"https:\/\/tickfaster.com\/lv\/produkti\/gramata-ideju-radisanas-tehnika\/\" \/>\n<meta property=\"og:site_name\" content=\"Tick Faster\" \/>\n<meta property=\"article:modified_time\" content=\"2024-11-10T12:32:24+00:00\" \/>\n<meta name=\"twitter:card\" content=\"summary_large_image\" \/>\n<script type=\"application\/ld+json\" class=\"yoast-schema-graph\">{\"@context\":\"https:\/\/schema.org\",\"@graph\":[{\"@type\":\"WebPage\",\"@id\":\"https:\/\/tickfaster.com\/lv\/produkti\/gramata-ideju-radisanas-tehnika\/\",\"url\":\"https:\/\/tickfaster.com\/lv\/produkti\/gramata-ideju-radisanas-tehnika\/\",\"name\":\"Gr\u0101mata \\\"Ideju Rad\u012b\u0161anas Tehnika\\\" - Tick Faster\",\"isPartOf\":{\"@id\":\"https:\/\/tickfaster.com\/lv\/#website\"},\"datePublished\":\"2019-01-09T08:45:32+00:00\",\"dateModified\":\"2024-11-10T12:32:24+00:00\",\"breadcrumb\":{\"@id\":\"https:\/\/tickfaster.com\/lv\/produkti\/gramata-ideju-radisanas-tehnika\/#breadcrumb\"},\"inLanguage\":\"lv\",\"potentialAction\":[{\"@type\":\"ReadAction\",\"target\":[\"https:\/\/tickfaster.com\/lv\/produkti\/gramata-ideju-radisanas-tehnika\/\"]}]},{\"@type\":\"BreadcrumbList\",\"@id\":\"https:\/\/tickfaster.com\/lv\/produkti\/gramata-ideju-radisanas-tehnika\/#breadcrumb\",\"itemListElement\":[{\"@type\":\"ListItem\",\"position\":1,\"name\":\"Home\",\"item\":\"https:\/\/tickfaster.com\/lv\/\"},{\"@type\":\"ListItem\",\"position\":2,\"name\":\"Veikals\",\"item\":\"https:\/\/tickfaster.com\/lv\/veikals\/\"},{\"@type\":\"ListItem\",\"position\":3,\"name\":\"Gr\u0101mata &#8220;Ideju Rad\u012b\u0161anas Tehnika&#8221;\"}]},{\"@type\":\"WebSite\",\"@id\":\"https:\/\/tickfaster.com\/lv\/#website\",\"url\":\"https:\/\/tickfaster.com\/lv\/\",\"name\":\"Tick Faster\",\"description\":\"\",\"publisher\":{\"@id\":\"https:\/\/tickfaster.com\/lv\/#organization\"},\"potentialAction\":[{\"@type\":\"SearchAction\",\"target\":{\"@type\":\"EntryPoint\",\"urlTemplate\":\"https:\/\/tickfaster.com\/lv\/?s={search_term_string}\"},\"query-input\":\"required name=search_term_string\"}],\"inLanguage\":\"lv\"},{\"@type\":\"Organization\",\"@id\":\"https:\/\/tickfaster.com\/lv\/#organization\",\"name\":\"SIA \\\"Tick Faster\\\"\",\"url\":\"https:\/\/tickfaster.com\/lv\/\",\"logo\":{\"@type\":\"ImageObject\",\"inLanguage\":\"lv\",\"@id\":\"https:\/\/tickfaster.com\/lv\/#\/schema\/logo\/image\/\",\"url\":\"https:\/\/tickfaster.com\/lv\/wp-content\/uploads\/sites\/2\/logo.png\",\"contentUrl\":\"https:\/\/tickfaster.com\/lv\/wp-content\/uploads\/sites\/2\/logo.png\",\"width\":306,\"height\":157,\"caption\":\"SIA \\\"Tick Faster\\\"\"},\"image\":{\"@id\":\"https:\/\/tickfaster.com\/lv\/#\/schema\/logo\/image\/\"}}]}<\/script>\n<!-- \/ Yoast SEO plugin. -->","yoast_head_json":{"title":"Gr\u0101mata \"Ideju Rad\u012b\u0161anas Tehnika\" - Tick Faster","robots":{"index":"index","follow":"follow","max-snippet":"max-snippet:-1","max-image-preview":"max-image-preview:large","max-video-preview":"max-video-preview:-1"},"canonical":"https:\/\/tickfaster.com\/lv\/produkti\/gramata-ideju-radisanas-tehnika\/","og_locale":"lv_LV","og_type":"article","og_title":"Gr\u0101mata \"Ideju Rad\u012b\u0161anas Tehnika\" - Tick Faster","og_url":"https:\/\/tickfaster.com\/lv\/produkti\/gramata-ideju-radisanas-tehnika\/","og_site_name":"Tick Faster","article_modified_time":"2024-11-10T12:32:24+00:00","twitter_card":"summary_large_image","schema":{"@context":"https:\/\/schema.org","@graph":[{"@type":"WebPage","@id":"https:\/\/tickfaster.com\/lv\/produkti\/gramata-ideju-radisanas-tehnika\/","url":"https:\/\/tickfaster.com\/lv\/produkti\/gramata-ideju-radisanas-tehnika\/","name":"Gr\u0101mata \"Ideju Rad\u012b\u0161anas Tehnika\" - Tick Faster","isPartOf":{"@id":"https:\/\/tickfaster.com\/lv\/#website"},"datePublished":"2019-01-09T08:45:32+00:00","dateModified":"2024-11-10T12:32:24+00:00","breadcrumb":{"@id":"https:\/\/tickfaster.com\/lv\/produkti\/gramata-ideju-radisanas-tehnika\/#breadcrumb"},"inLanguage":"lv","potentialAction":[{"@type":"ReadAction","target":["https:\/\/tickfaster.com\/lv\/produkti\/gramata-ideju-radisanas-tehnika\/"]}]},{"@type":"BreadcrumbList","@id":"https:\/\/tickfaster.com\/lv\/produkti\/gramata-ideju-radisanas-tehnika\/#breadcrumb","itemListElement":[{"@type":"ListItem","position":1,"name":"Home","item":"https:\/\/tickfaster.com\/lv\/"},{"@type":"ListItem","position":2,"name":"Veikals","item":"https:\/\/tickfaster.com\/lv\/veikals\/"},{"@type":"ListItem","position":3,"name":"Gr\u0101mata &#8220;Ideju Rad\u012b\u0161anas Tehnika&#8221;"}]},{"@type":"WebSite","@id":"https:\/\/tickfaster.com\/lv\/#website","url":"https:\/\/tickfaster.com\/lv\/","name":"Tick Faster","description":"","publisher":{"@id":"https:\/\/tickfaster.com\/lv\/#organization"},"potentialAction":[{"@type":"SearchAction","target":{"@type":"EntryPoint","urlTemplate":"https:\/\/tickfaster.com\/lv\/?s={search_term_string}"},"query-input":"required name=search_term_string"}],"inLanguage":"lv"},{"@type":"Organization","@id":"https:\/\/tickfaster.com\/lv\/#organization","name":"SIA \"Tick Faster\"","url":"https:\/\/tickfaster.com\/lv\/","logo":{"@type":"ImageObject","inLanguage":"lv","@id":"https:\/\/tickfaster.com\/lv\/#\/schema\/logo\/image\/","url":"https:\/\/tickfaster.com\/lv\/wp-content\/uploads\/sites\/2\/logo.png","contentUrl":"https:\/\/tickfaster.com\/lv\/wp-content\/uploads\/sites\/2\/logo.png","width":306,"height":157,"caption":"SIA \"Tick Faster\""},"image":{"@id":"https:\/\/tickfaster.com\/lv\/#\/schema\/logo\/image\/"}}]}},"_links":{"self":[{"href":"https:\/\/tickfaster.com\/lv\/wp-json\/wp\/v2\/product\/67"}],"collection":[{"href":"https:\/\/tickfaster.com\/lv\/wp-json\/wp\/v2\/product"}],"about":[{"href":"https:\/\/tickfaster.com\/lv\/wp-json\/wp\/v2\/types\/product"}],"replies":[{"embeddable":true,"href":"https:\/\/tickfaster.com\/lv\/wp-json\/wp\/v2\/comments?post=67"}],"version-history":[{"count":1,"href":"https:\/\/tickfaster.com\/lv\/wp-json\/wp\/v2\/product\/67\/revisions"}],"predecessor-version":[{"id":93,"href":"https:\/\/tickfaster.com\/lv\/wp-json\/wp\/v2\/product\/67\/revisions\/93"}],"wp:attachment":[{"href":"https:\/\/tickfaster.com\/lv\/wp-json\/wp\/v2\/media?parent=67"}],"wp:term":[{"taxonomy":"product_cat","embeddable":true,"href":"https:\/\/tickfaster.com\/lv\/wp-json\/wp\/v2\/product_cat?post=67"},{"taxonomy":"product_tag","embeddable":true,"href":"https:\/\/tickfaster.com\/lv\/wp-json\/wp\/v2\/product_tag?post=67"}],"curies":[{"name":"wp","href":"https:\/\/api.w.org\/{rel}","templated":true}]}}