{"id":65,"date":"2019-01-09T08:18:50","date_gmt":"2019-01-09T08:18:50","guid":{"rendered":"https:\/\/tickfaster.com\/lv\/?page_id=65"},"modified":"2019-09-12T15:42:49","modified_gmt":"2019-09-12T12:42:49","slug":"noteikumi","status":"publish","type":"page","link":"https:\/\/tickfaster.com\/lv\/noteikumi\/","title":{"rendered":"Noteikumi"},"content":{"rendered":"\t\t<div data-elementor-type=\"wp-page\" data-elementor-id=\"65\" class=\"elementor elementor-65\">\n\t\t\t\t\t\t<div class=\"elementor-inner\">\n\t\t\t\t<div class=\"elementor-section-wrap\">\n\t\t\t\t\t\t\t\t\t<section class=\"elementor-section elementor-top-section elementor-element elementor-element-897bfd0 elementor-section-boxed elementor-section-height-default elementor-section-height-default\" data-id=\"897bfd0\" data-element_type=\"section\">\n\t\t\t\t\t\t<div class=\"elementor-container elementor-column-gap-default\">\n\t\t\t\t\t\t\t<div class=\"elementor-row\">\n\t\t\t\t\t<div class=\"elementor-column elementor-col-100 elementor-top-column elementor-element elementor-element-6730d4b\" data-id=\"6730d4b\" data-element_type=\"column\">\n\t\t\t<div class=\"elementor-column-wrap elementor-element-populated\">\n\t\t\t\t\t\t\t<div class=\"elementor-widget-wrap\">\n\t\t\t\t\t\t<div class=\"elementor-element elementor-element-93d6c0f elementor-widget elementor-widget-heading\" data-id=\"93d6c0f\" data-element_type=\"widget\" data-widget_type=\"heading.default\">\n\t\t\t\t<div class=\"elementor-widget-container\">\n\t\t\t<h1 class=\"elementor-heading-title elementor-size-default\">Pakalpojumu izmanto\u0161anas noteikumu<\/h1>\t\t<\/div>\n\t\t\t\t<\/div>\n\t\t\t\t\t\t<\/div>\n\t\t\t\t\t<\/div>\n\t\t<\/div>\n\t\t\t\t\t\t\t\t<\/div>\n\t\t\t\t\t<\/div>\n\t\t<\/section>\n\t\t\t\t<section class=\"elementor-section elementor-top-section elementor-element elementor-element-c4e836d elementor-section-boxed elementor-section-height-default elementor-section-height-default\" data-id=\"c4e836d\" data-element_type=\"section\">\n\t\t\t\t\t\t<div class=\"elementor-container elementor-column-gap-default\">\n\t\t\t\t\t\t\t<div class=\"elementor-row\">\n\t\t\t\t\t<div class=\"elementor-column elementor-col-100 elementor-top-column elementor-element elementor-element-1d4a2c7\" data-id=\"1d4a2c7\" data-element_type=\"column\">\n\t\t\t<div class=\"elementor-column-wrap elementor-element-populated\">\n\t\t\t\t\t\t\t<div class=\"elementor-widget-wrap\">\n\t\t\t\t\t\t<div class=\"elementor-element elementor-element-f802d24 elementor-widget elementor-widget-text-editor\" data-id=\"f802d24\" data-element_type=\"widget\" data-widget_type=\"text-editor.default\">\n\t\t\t\t<div class=\"elementor-widget-container\">\n\t\t\t\t\t\t\t\t<div class=\"elementor-text-editor elementor-clearfix\">\n\t\t\t\t<p>\u0160o interneta vietni uztur SIA \u201cTick Faster\u201d. Vis\u0101 vietn\u0113 termini \u201ces\u201d, \u201cmans\u201d, \u201cm\u0113s\u201d un \u201cm\u016bsu\u201d attiecas uz SIA \u201cTick Faster\u201d. SIA \u201cTick Faster\u201d pied\u0101v\u0101 \u0161o t\u012bmek\u013ca vietni, iek\u013caujot taj\u0101 visu inform\u0101ciju, r\u012bkus un pakalpojumus, kas no \u0161\u012bs vietnes pieejami Jums, lietot\u0101jam, paredzot, ka J\u016bs pie\u0146emat visus \u0161eit min\u0113tos noteikumus, nosac\u012bjumus, politiku un pazi\u0146ojumus.<\/p><p>Apmekl\u0113jot m\u016bsu vietni un\/vai ieg\u0101d\u0101joties kaut ko no mums, J\u016bs piekr\u012btat iev\u0113rot \u0161\u0101dus noteikumus un nosac\u012bjumus \u201cPakalpojumu izmanto\u0161anas noteikumi\u201d, tostarp papildu noteikumus un nosac\u012bjumus un politikas, uz kur\u0101m ir atsauce \u0161eit un\/vai kuras ir pieejamas caur hipersaiti. \u0160ie Pakalpojumu izmanto\u0161anas noteikumi attiecas uz visiem vietnes lietot\u0101jiem, ieskaitot lietot\u0101jus, kas ir satura pat\u0113r\u0113t\u0101ji, pieg\u0101d\u0101t\u0101ji, klienti, tirgot\u0101ji un\/vai satura veidot\u0101ji.<\/p><p>Pirms piek\u013c\u016bstat m\u016bsu t\u012bmek\u013ca vietnei vai izmantojat to, uzman\u012bgi izlasiet \u0161os Pakalpojumu izmanto\u0161anas noteikumus. Piek\u013c\u016bstot k\u0101dai vietnes da\u013cai vai izmantojot to, J\u016bs piekr\u012btat iev\u0113rot \u0161os Pakalpojumu izmanto\u0161anas noteikumus. Ja nepiekr\u012btat visiem \u0161\u012b l\u012bguma noteikumiem un nosac\u012bjumiem, j\u016bs nedr\u012bkstat piek\u013c\u016bt \u0161ai vietnei vai izmantot pakalpojumus.<\/p><p>Uz vis\u0101m funkcij\u0101m vai r\u012bkiem, kuras pa\u0161reiz\u0113jai t\u012bmek\u013ca vietnei tiks pievienotas no jauna n\u0101kotn\u0113, ar\u012b attiecas \u0161ie Pakalpojumu izmanto\u0161anas noteikumi. \u0160aj\u0101 lap\u0101 jebkur\u0101 laik\u0101 varat p\u0101rskat\u012bt visjaun\u0101ko Pakalpojumu izmanto\u0161anas noteikumu versiju. M\u0113s paturam ties\u012bbas atjaunin\u0101t, main\u012bt vai aizst\u0101t jebkuru \u0161o Pakalpojumu izmanto\u0161anas noteikumu da\u013cu, public\u0113jot atjaunin\u0101jumus un\/vai izmai\u0146as m\u016bsu t\u012bmek\u013ca vietn\u0113. J\u016bsu pien\u0101kums ir periodiski p\u0101rbaud\u012bt, vai \u0161aj\u0101 lap\u0101 nav izmai\u0146u. J\u016bsu nep\u0101rtraukt\u0101 t\u012bmek\u013ca vietnes izmanto\u0161ana vai piek\u013cuve tai p\u0113c jebk\u0101du izmai\u0146u public\u0113\u0161anas noz\u012bm\u0113 \u0161o izmai\u0146u akcept\u0113\u0161anu.<\/p><h2>1. VIETNES LIETO\u0160ANAS NOSAC\u012aJUMI<\/h2><p>Piekr\u012btot \u0161iem Pakalpojumu izmanto\u0161anas noteikumiem, J\u016bs nor\u0101d\u0101t, ka esat pilngad\u012bgs atbilsto\u0161i J\u016bsu deklar\u0113t\u0101s valsts likumiem vai esat devis piekri\u0161anu J\u016bsu apg\u0101d\u012bb\u0101 eso\u0161ajai personai lietot \u0161o vietni.<\/p><p>J\u016bs nedr\u012bkstat izmantot m\u016bsu produktus nek\u0101diem nelikum\u012bgiem vai neat\u013cautiem m\u0113r\u0137iem, k\u0101 ar\u012b J\u016bs nedr\u012bkstat p\u0101rk\u0101pt visus J\u016bsu jurisdikcij\u0101 eso\u0161os likumus (ieskaitot, bet neaprobe\u017eojoties ar autorties\u012bbu likumiem).<\/p><p>J\u016bs nedr\u012bkstat izmantot \u013caunpr\u0101t\u012bgu programmat\u016bru, ne v\u012brusus, ne k\u0101du destrukt\u012bva rakstura programmat\u016bras kodu.<\/p><p>Ja k\u0101ds no \u0161iem noteikumiem tiks p\u0101rk\u0101pts, J\u016bsu pakalpojumi tiks nekav\u0113joties p\u0101rtraukti.<\/p><h2>2. VISP\u0100R\u012aGIE NOSAC\u012aJUMI<\/h2><p>M\u0113s paturam ties\u012bbas atteikties no pakalpojumu snieg\u0161anas jebkuram jebk\u0101da iemesla d\u0113\u013c jebkur\u0101 laik\u0101.<\/p><p>J\u016bs saprotat, ka J\u016bsu inform\u0101ciju (neietverot inform\u0101ciju par kred\u012btkarti) var p\u0101rs\u016bt\u012bt ne\u0161ifr\u0113ti, un tas var b\u016bt saist\u012bts ar (a) datu p\u0101rraidi pa da\u017e\u0101diem t\u012bkliem; un (b) izmai\u0146\u0101m, lai nodro\u0161in\u0101tu atbilst\u012bbu savienojo\u0161o t\u012bklu vai ier\u012b\u010du tehniskaj\u0101m pras\u012bb\u0101m un piel\u0101go\u0161anos t\u0101m. P\u0101rs\u016bt\u012b\u0161anas laik\u0101, izmantojot t\u012bklus, kred\u012btkartes inform\u0101cija vienm\u0113r tiek \u0161ifr\u0113ta.<\/p><p>J\u016bs piekr\u012btat nereproduc\u0113t, nedubl\u0113t, nekop\u0113t, nep\u0101rdot un neizmantot jebkuru Pakalpojuma da\u013cu, nelietot Pakalpojumu vai nesniegt piek\u013cuvi Pakalpojumam bez tie\u0161as rakstiskas at\u013caujas.<\/p><p>\u0160aj\u0101 l\u012bgum\u0101 izmantotie virsraksti ir iek\u013cautas tikai \u0113rt\u012bbas labad, un tie neierobe\u017eo vai cit\u0101di neietekm\u0113 \u0161os noteikumus.<\/p><h2>3. INFORM\u0100CIJAS PRECIZIT\u0100TE, PILN\u012aBA UN ATBILST\u012aBA LAIKAM<\/h2><p>M\u0113s neesam atbild\u012bgi, ja \u0161aj\u0101 vietn\u0113 pieejam\u0101 inform\u0101cija nav prec\u012bza, piln\u012bga vai aktu\u0101la. Materi\u0101li \u0161aj\u0101 vietn\u0113 ir pieejami tikai visp\u0101r\u0113jai inform\u0101cijai, un uz tiem nevajadz\u0113tu pa\u013cauties un tos nevajadz\u0113tu izmantot k\u0101 vien\u012bgo pamatu l\u0113mumu pie\u0146em\u0161anai, nekonsult\u0113joties ar prim\u0101rajiem, prec\u012bz\u0101kiem, piln\u012bg\u0101kiem vai savlaic\u012bg\u0101kiem inform\u0101cijas avotiem. Jebk\u0101da pa\u013cau\u0161an\u0101s uz \u0161\u012bs vietnes materi\u0101lu ir apdraud\u0113ta.<\/p><p>\u0160aj\u0101 vietn\u0113 var b\u016bt iek\u013cauta noteikta v\u0113sturiska inform\u0101cija. V\u0113sturisk\u0101 inform\u0101cija nav aktu\u0101la, un t\u0101 ir paredz\u0113ta tikai j\u016bsu atsaucei. M\u0113s paturam ties\u012bbas jebkur\u0101 laik\u0101 main\u012bt \u0161\u012bs vietnes saturu, bet mums nav pien\u0101kuma atjaunin\u0101t inform\u0101ciju m\u016bsu vietn\u0113. J\u016bs piekr\u012btat, ka J\u016bsu pien\u0101kums ir p\u0101rraudz\u012bt izmai\u0146as m\u016bsu vietn\u0113.<\/p><h2>4. PAKALPOJUMU UN CENU MAI\u0145A<\/h2><p>M\u016bsu produktu cenas var main\u012bties bez iepriek\u0161\u0113ja br\u012bdin\u0101juma.<\/p><p>M\u0113s paturam ties\u012bbas jebkur\u0101 laik\u0101 bez iepriek\u0161\u0113ja br\u012bdin\u0101juma main\u012bt vai p\u0101rtraukt Pakalpojumu (vai jebkuru t\u0101 da\u013cu vai saturu).<\/p><p>M\u0113s neb\u016bsim atbild\u012bgi ne pret Jums, ne pret tre\u0161o pusi par jebk\u0101du pakalpojuma groz\u012b\u0161anu, cenu mai\u0146u, aptur\u0113\u0161anu vai p\u0101rtrauk\u0161anu.<\/p><h2>5. PRODUKTI VAI PAKALPOJUMI<\/h2><p>Da\u017ei produkti vai pakalpojumi var b\u016bt pieejami tikai tie\u0161saist\u0113, izmantojot t\u012bmek\u013ca vietni. \u0160iem produktiem vai pakalpojumiem var b\u016bt ierobe\u017eots daudzums, un tie ir pak\u013cauti atgrie\u0161anai vai apmai\u0146ai tikai saska\u0146\u0101 ar m\u016bsu atgrie\u0161anas politiku.<\/p><p>M\u0113s esam pieliku\u0161i visas p\u016bles, lai p\u0113c iesp\u0113jas prec\u012bz\u0101k par\u0101d\u012btu m\u016bsu produktu aprakstus, kr\u0101sas un att\u0113lus, kas par\u0101d\u0101s veikal\u0101. M\u0113s nevaram garant\u0113t, ka datora monitora jebkuras kr\u0101sas displejs b\u016bs prec\u012bzs.<\/p><p>M\u0113s paturam ties\u012bbas, bet ne pien\u0101kumu ierobe\u017eot m\u016bsu produktu vai pakalpojumu p\u0101rdo\u0161anu jebkurai personai, \u0123eogr\u0101fiskajam re\u0123ionam vai jurisdikcijai. M\u0113s varam izmantot \u0161\u012bs ties\u012bbas katr\u0101 gad\u012bjum\u0101 atsevi\u0161\u0137i. M\u0113s paturam ties\u012bbas ierobe\u017eot jebkuru pied\u0101v\u0101to produktu vai pakalpojumu daudzumu. Visi produktu apraksti vai produktu cenas jebkur\u0101 laik\u0101 var tikt main\u012btas bez iepriek\u0161\u0113ja br\u012bdin\u0101juma, p\u0113c m\u016bsu ieskatiem. M\u0113s paturam ties\u012bbas jebkur\u0101 laik\u0101 p\u0101rtraukt jebkura produkta lieto\u0161anu. Jebkur\u0161 pied\u0101v\u0101jums par jebkuru produktu vai pakalpojumu, kas veikts \u0161aj\u0101 vietn\u0113, nav sp\u0113k\u0101, ja tas ir aizliegts.<\/p><p>M\u0113s negarant\u0113jam, ka J\u016bsu ieg\u0101d\u0101to vai ieg\u016bto produktu, pakalpojumu, inform\u0101cijas vai citu materi\u0101lu kvalit\u0101te atbild\u012bs J\u016bsu v\u0113lm\u0113m vai ka jebk\u0101das k\u013c\u016bdas pakalpojum\u0101 tiks izlabotas.<\/p><h2>6. KONTA UN R\u0112\u0136INA INFORM\u0100CIJAS PRECIZIT\u0100TES<\/h2><p>M\u0113s paturam ties\u012bbas atteikties no jebkura pas\u016bt\u012bjuma, ko J\u016bs esat iesniedzis \u0161aj\u0101 vietn\u0113. M\u0113s p\u0113c saviem ieskatiem varam ierobe\u017eot vai atcelt katrai personai, m\u0101jsaimniec\u012bbai vai pas\u016bt\u012bjumam ieg\u0101d\u0101tos daudzumus. \u0160ie ierobe\u017eojumi var ietvert pas\u016bt\u012bjumus, kuri tiek veikti no t\u0101 pa\u0161a klienta konta, t\u0101s pa\u0161as kred\u012btkarte un\/vai pas\u016bt\u012bjumiem, kas izmanto vienu un to pa\u0161u nor\u0113\u0137inu un\/vai pieg\u0101des adresi. Gad\u012bjum\u0101, ja veicam izmai\u0146as pas\u016bt\u012bjum\u0101 vai atce\u013cam to, m\u0113s varam m\u0113\u0123in\u0101t J\u016bs inform\u0113t, sazinoties izmantojot e-pastu un\/vai nor\u0113\u0137inu adresi\/t\u0101lru\u0146a numuru, kas nor\u0101d\u012bts pas\u016bt\u012bjuma veik\u0161anas laik\u0101. M\u0113s paturam ties\u012bbas ierobe\u017eot vai aizliegt pas\u016bt\u012bjumus, kurus, p\u0113c m\u016bsu dom\u0101m, \u0161\u0137iet ir veiku\u0161i tirgot\u0101ji, t\u0101l\u0101kp\u0101rdev\u0113ji vai izplat\u012bt\u0101ji.<\/p><p>J\u016bs piekr\u012btat nodro\u0161in\u0101t aktu\u0101lu, piln\u012bgu un prec\u012bzu pirk\u0161anas un konta inform\u0101ciju par visiem pirkumiem, kas veikti m\u016bsu veikal\u0101. J\u016bs piekr\u012btat nekav\u0113joties atjaunin\u0101t savu kontu un citu inform\u0101ciju, tostarp e-pasta adresi, kred\u012btkar\u0161u numurus un der\u012bguma termi\u0146us, lai m\u0113s var\u0113tu pabeigt dar\u012bjumus un sazin\u0101ties ar Jums p\u0113c vajadz\u012bbas.<\/p><h2>7. PRIV\u0100TUMA POLITIKA<\/h2><p>Dati par Jums tiek v\u0101kti, izmantoti, apstr\u0101d\u0101ti un uzglab\u0101ti atbilsto\u0161i m\u016bsu <a href=\"http:\/\/tickfaster.com\/lv\/privacy-policy\/\">Priv\u0101tuma politikai<\/a>.<\/p><h2>8. ATTEIKUMA UN ATGRIE\u0160ANAS NOTEIKUMI<\/h2><p>Sl\u0113dzot <a href=\"http:\/\/likumi.lv\/doc.php?id=266462\">distances l\u012bgumu<\/a>, t.i. veicot pirkumu \u0161aj\u0101 vietn\u0113, J\u016bs varat izmantot atteikuma ties\u012bbas. Atteikuma ties\u012bbas ir pat\u0113r\u0113t\u0101ja ties\u012bbas noteikt\u0101 termi\u0146\u0101, nesniedzot nek\u0101du pamatojumu, atk\u0101pties no distances l\u012bguma (no distances l\u012bguma veid\u0101 pas\u016bt\u012bt\u0101s preces vai pakalpojuma). Atteikuma ties\u012bbas ir izmantojamas 14 dienu laik\u0101 no l\u012bguma nosl\u0113g\u0161anas dienas par pakalpojumu snieg\u0161anu. Atteikuma ties\u012bbu izmanto\u0161ana noz\u012bm\u0113 \u201cpazi\u0146o\u0161anu\u201d par atteik\u0161anos no pas\u016bt\u012bjuma, proti, \u201cpazi\u0146ojuma par atteikumu\u201d iesnieg\u0161anu vai nos\u016bt\u012b\u0161anu mums.<\/p><p>Mums, gad\u012bjum\u0101, ja J\u016bs izsak\u0101t v\u0113lmi par atteik\u0161anos no pakalpojuma, ir j\u0101nos\u016bta atteikuma veidlapa uz klienta nor\u0101d\u012bto e-pasta adresi. Ja J\u016bs izmantojat atteikuma ties\u012bbas un tas nav saist\u012bts ar attiec\u012bg\u0101s preces vai pakalpojuma neatbilst\u012bbu l\u012bguma noteikumiem, tad J\u016bsu pien\u0101kums ir segt izmaksas, kas saist\u012btas ar preces nos\u016bt\u012b\u0161anu atpaka\u013c.<\/p><p>Ja J\u016bs izmantojiet atteikuma ties\u012bbas, mums ir pien\u0101kums iesp\u0113jami agr\u0101k, bet ne v\u0113l\u0101k k\u0101 14 kalend\u0101ro dienu laik\u0101 no dienas, kad J\u016bs esat nos\u016bt\u012bjis rakstisku atteikumu, atmaks\u0101t Jums visas J\u016bsu veikt\u0101s iemaksas.<\/p><h2>9. PAPILDUS R\u012aKI<\/h2><p>M\u0113s varam nodro\u0161in\u0101t jums piek\u013cuvi tre\u0161o pu\u0161u r\u012bkiem, kurus m\u0113s neuzraug\u0101m, un p\u0101r kuriem mums nav nek\u0101das kontroles.<\/p><p>J\u016bs atz\u012bstat un piekr\u012btat, ka m\u0113s sniedzam piek\u013cuvi \u0161\u0101diem r\u012bkiem \u201ct\u0101di, k\u0101di tie ir\u201d bez jebk\u0101d\u0101m garantij\u0101m vai jebk\u0101diem nosac\u012bjumiem un bez jebk\u0101da apstiprin\u0101juma. M\u0113s neuz\u0146emsimies nek\u0101du atbild\u012bbu, kas izriet vai saist\u012bta ar to, ka J\u016bs izv\u0113laties lietot tre\u0161o pu\u0161u r\u012bkus.<\/p><p>Jebkura papildus r\u012bku izmanto\u0161ana, kas tiek pied\u0101v\u0101ta vietn\u0113, ir J\u016bsu pa\u0161a risks un r\u012bc\u012bbas br\u012bv\u012bba, un Jums ir j\u0101nodro\u0161ina, ka J\u016bs zin\u0101t un piekr\u012btat noteikumiem, ar k\u0101diem r\u012bkus nodro\u0161ina attiec\u012bgais tre\u0161\u0101s puses pakalpojumu sniedz\u0113js.<\/p><p>N\u0101kotn\u0113 m\u0113s \u0161aj\u0101 t\u012bmek\u013ca vietn\u0113 varam pied\u0101v\u0101t ar\u012b jaunus pakalpojumus un\/vai r\u012bkus. Uz \u0161\u0101diem jauniem r\u012bkiem un\/vai pakalpojumiem ar\u012b attiecas \u0161ie Pakalpojumu izmanto\u0161anas noteikumi.<\/p><h2>10. TRE\u0160\u0100S PUSES L\u012aDZEK\u013bI<\/h2><p>Noteikts saturs, produkti un pakalpojumi, kas pieejami, izmantojot m\u016bsu Pakalpojumu, var ietvert materi\u0101lus no tre\u0161aj\u0101m pus\u0113m.<\/p><p>Tre\u0161\u0101s puses saites \u0161aj\u0101 vietn\u0113 var novirz\u012bt J\u016bs uz tre\u0161o pu\u0161u vietn\u0113m, kas nav saist\u012btas ar mums. M\u0113s neesam atbild\u012bgi par satura vai precizit\u0101tes p\u0101rbaudi vai nov\u0113rt\u0113\u0161anu, un m\u0113s negarant\u0113jam un neuz\u0146emsimies atbild\u012bbu par tre\u0161\u0101s puses materi\u0101liem vai t\u012bmek\u013ca vietn\u0113m, vai jebk\u0101diem citiem tre\u0161o pu\u0161u materi\u0101liem, produktiem vai pakalpojumiem.<\/p><p>M\u0113s neesam atbild\u012bgi par kait\u0113jumu, kas saist\u012bts ar pre\u010du, pakalpojumu, resursu, satura vai citu dar\u012bjumu pirk\u0161anu vai izmanto\u0161anu, kuri veikti saist\u012bb\u0101 ar tre\u0161o pu\u0161u t\u012bmek\u013ca vietn\u0113m. L\u016bdzu, r\u016bp\u012bgi p\u0101rskatiet tre\u0161\u0101s puses politikas un praksi un p\u0101rliecinieties, vai J\u016bs t\u0101s saprotat, pirms iesaist\u0101ties k\u0101d\u0101 dar\u012bjum\u0101. S\u016bdz\u012bbas, pretenzijas, ba\u017eas vai jaut\u0101jumi par tre\u0161o personu produktiem b\u016btu j\u0101adres\u0113 tre\u0161ajai personai.<\/p><h2>11. LIETOT\u0100JA KOMENT\u0100RI, ATSAUKSMES UN CITS IESNIEGTAIS SATURS<\/h2><p>Ja, p\u0113c m\u016bsu piepras\u012bjuma, J\u016bs nos\u016btat noteiktus datus (piem\u0113ram, pieteikumu konkursam) vai bez m\u016bsu piepras\u012bjuma J\u016bs nos\u016btat rado\u0161as idejas, ierosin\u0101jumus, priek\u0161likumus, pl\u0101nus vai citus materi\u0101lus tie\u0161saist\u0113, pa e-pastu, pa pastu vai k\u0101 cit\u0101di (kop\u0101 sauktus par, \u201ckoment\u0101riem\u201d), J\u016bs piekr\u012btat, ka m\u0113s jebkur\u0101 laik\u0101 bez ierobe\u017eojumiem varam redi\u0123\u0113t, kop\u0113t, public\u0113t, izplat\u012bt, tulkot un cit\u0101di izmantot jebkur\u0101 nes\u0113j\u0101 jebk\u0101dus koment\u0101rus, kurus mums nos\u016btat. Mums nav un neb\u016bs pien\u0101kuma (1) uztur\u0113t jebk\u0101du koment\u0101ru konfidenci\u0101li; (2) maks\u0101t kompens\u0101ciju par jebk\u0101diem koment\u0101riem; vai (3) atbild\u0113t uz jebk\u0101diem koment\u0101riem.<\/p><p>M\u0113s varam, bet mums nav pien\u0101kuma p\u0101rraudz\u012bt, redi\u0123\u0113t vai dz\u0113st saturu, kas p\u0113c m\u016bsu ieskatiem ir prettiesisks, aizvainojo\u0161s, draud\u012bgs, nesaudz\u012bgs, apmelojo\u0161s, pornogr\u0101fisks, piedauz\u012bgs vai cit\u0101di nepie\u0146emams vai p\u0101rk\u0101pj k\u0101das puses intelektu\u0101lo \u012bpa\u0161umu vai \u0161os Pakalpojumu izmanto\u0161anas noteikumus.<\/p><p>J\u016bs piekr\u012btat, ka J\u016bsu koment\u0101ri nep\u0101rk\u0101ps nevienas tre\u0161\u0101s personas ties\u012bbas, tostarp autorties\u012bbas, pre\u010du z\u012bmes, priv\u0101tumu, person\u012bbu vai citas personiskas vai patent\u0113tas ties\u012bbas.<\/p>\t\t\t\t\t<\/div>\n\t\t\t\t\t\t<\/div>\n\t\t\t\t<\/div>\n\t\t\t\t\t\t<\/div>\n\t\t\t\t\t<\/div>\n\t\t<\/div>\n\t\t\t\t\t\t\t\t<\/div>\n\t\t\t\t\t<\/div>\n\t\t<\/section>\n\t\t\t\t\t\t\t\t\t<\/div>\n\t\t\t<\/div>\n\t\t\t\t\t<\/div>\n\t\t","protected":false},"excerpt":{"rendered":"<p>Pakalpojumu izmanto\u0161anas noteikumu \u0160o interneta vietni uztur SIA \u201cTick Faster\u201d. Vis\u0101 vietn\u0113 termini \u201ces\u201d, \u201cmans\u201d, \u201cm\u0113s\u201d un \u201cm\u016bsu\u201d attiecas uz SIA \u201cTick Faster\u201d. SIA \u201cTick Faster\u201d pied\u0101v\u0101 \u0161o t\u012bmek\u013ca vietni, iek\u013caujot taj\u0101 visu inform\u0101ciju, r\u012bkus un pakalpojumus, kas no \u0161\u012bs vietnes pieejami Jums, lietot\u0101jam, paredzot, ka J\u016bs pie\u0146emat visus \u0161eit min\u0113tos noteikumus, nosac\u012bjumus, politiku un [&hellip;]<\/p>\n","protected":false},"author":1,"featured_media":0,"parent":0,"menu_order":0,"comment_status":"closed","ping_status":"closed","template":"","meta":[],"yoast_head":"<!-- This site is optimized with the Yoast SEO plugin v19.14 - https:\/\/yoast.com\/wordpress\/plugins\/seo\/ -->\n<title>Noteikumi - Tick Faster<\/title>\n<meta name=\"robots\" content=\"noindex, follow\" \/>\n<meta property=\"og:locale\" content=\"lv_LV\" \/>\n<meta property=\"og:type\" content=\"article\" \/>\n<meta property=\"og:title\" content=\"Noteikumi - Tick Faster\" \/>\n<meta property=\"og:description\" content=\"Pakalpojumu izmanto\u0161anas noteikumu \u0160o interneta vietni uztur SIA \u201cTick Faster\u201d. Vis\u0101 vietn\u0113 termini \u201ces\u201d, \u201cmans\u201d, \u201cm\u0113s\u201d un \u201cm\u016bsu\u201d attiecas uz SIA \u201cTick Faster\u201d. SIA \u201cTick Faster\u201d pied\u0101v\u0101 \u0161o t\u012bmek\u013ca vietni, iek\u013caujot taj\u0101 visu inform\u0101ciju, r\u012bkus un pakalpojumus, kas no \u0161\u012bs vietnes pieejami Jums, lietot\u0101jam, paredzot, ka J\u016bs pie\u0146emat visus \u0161eit min\u0113tos noteikumus, nosac\u012bjumus, politiku un [&hellip;]\" \/>\n<meta property=\"og:url\" content=\"https:\/\/tickfaster.com\/lv\/noteikumi\/\" \/>\n<meta property=\"og:site_name\" content=\"Tick Faster\" \/>\n<meta property=\"article:modified_time\" content=\"2019-09-12T12:42:49+00:00\" \/>\n<meta name=\"twitter:card\" content=\"summary_large_image\" \/>\n<meta name=\"twitter:label1\" content=\"Est. reading time\" \/>\n\t<meta name=\"twitter:data1\" content=\"11 min\u016b\u0161u\" \/>\n<script type=\"application\/ld+json\" class=\"yoast-schema-graph\">{\"@context\":\"https:\/\/schema.org\",\"@graph\":[{\"@type\":\"WebPage\",\"@id\":\"https:\/\/tickfaster.com\/lv\/noteikumi\/\",\"url\":\"https:\/\/tickfaster.com\/lv\/noteikumi\/\",\"name\":\"Noteikumi - Tick Faster\",\"isPartOf\":{\"@id\":\"https:\/\/tickfaster.com\/lv\/#website\"},\"datePublished\":\"2019-01-09T08:18:50+00:00\",\"dateModified\":\"2019-09-12T12:42:49+00:00\",\"breadcrumb\":{\"@id\":\"https:\/\/tickfaster.com\/lv\/noteikumi\/#breadcrumb\"},\"inLanguage\":\"lv\",\"potentialAction\":[{\"@type\":\"ReadAction\",\"target\":[\"https:\/\/tickfaster.com\/lv\/noteikumi\/\"]}]},{\"@type\":\"BreadcrumbList\",\"@id\":\"https:\/\/tickfaster.com\/lv\/noteikumi\/#breadcrumb\",\"itemListElement\":[{\"@type\":\"ListItem\",\"position\":1,\"name\":\"Home\",\"item\":\"https:\/\/tickfaster.com\/lv\/\"},{\"@type\":\"ListItem\",\"position\":2,\"name\":\"Noteikumi\"}]},{\"@type\":\"WebSite\",\"@id\":\"https:\/\/tickfaster.com\/lv\/#website\",\"url\":\"https:\/\/tickfaster.com\/lv\/\",\"name\":\"Tick Faster\",\"description\":\"\",\"publisher\":{\"@id\":\"https:\/\/tickfaster.com\/lv\/#organization\"},\"potentialAction\":[{\"@type\":\"SearchAction\",\"target\":{\"@type\":\"EntryPoint\",\"urlTemplate\":\"https:\/\/tickfaster.com\/lv\/?s={search_term_string}\"},\"query-input\":\"required name=search_term_string\"}],\"inLanguage\":\"lv\"},{\"@type\":\"Organization\",\"@id\":\"https:\/\/tickfaster.com\/lv\/#organization\",\"name\":\"SIA \\\"Tick Faster\\\"\",\"url\":\"https:\/\/tickfaster.com\/lv\/\",\"logo\":{\"@type\":\"ImageObject\",\"inLanguage\":\"lv\",\"@id\":\"https:\/\/tickfaster.com\/lv\/#\/schema\/logo\/image\/\",\"url\":\"https:\/\/tickfaster.com\/lv\/wp-content\/uploads\/sites\/2\/logo.png\",\"contentUrl\":\"https:\/\/tickfaster.com\/lv\/wp-content\/uploads\/sites\/2\/logo.png\",\"width\":306,\"height\":157,\"caption\":\"SIA \\\"Tick Faster\\\"\"},\"image\":{\"@id\":\"https:\/\/tickfaster.com\/lv\/#\/schema\/logo\/image\/\"}}]}<\/script>\n<!-- \/ Yoast SEO plugin. -->","yoast_head_json":{"title":"Noteikumi - Tick Faster","robots":{"index":"noindex","follow":"follow"},"og_locale":"lv_LV","og_type":"article","og_title":"Noteikumi - Tick Faster","og_description":"Pakalpojumu izmanto\u0161anas noteikumu \u0160o interneta vietni uztur SIA \u201cTick Faster\u201d. Vis\u0101 vietn\u0113 termini \u201ces\u201d, \u201cmans\u201d, \u201cm\u0113s\u201d un \u201cm\u016bsu\u201d attiecas uz SIA \u201cTick Faster\u201d. SIA \u201cTick Faster\u201d pied\u0101v\u0101 \u0161o t\u012bmek\u013ca vietni, iek\u013caujot taj\u0101 visu inform\u0101ciju, r\u012bkus un pakalpojumus, kas no \u0161\u012bs vietnes pieejami Jums, lietot\u0101jam, paredzot, ka J\u016bs pie\u0146emat visus \u0161eit min\u0113tos noteikumus, nosac\u012bjumus, politiku un [&hellip;]","og_url":"https:\/\/tickfaster.com\/lv\/noteikumi\/","og_site_name":"Tick Faster","article_modified_time":"2019-09-12T12:42:49+00:00","twitter_card":"summary_large_image","twitter_misc":{"Est. reading time":"11 min\u016b\u0161u"},"schema":{"@context":"https:\/\/schema.org","@graph":[{"@type":"WebPage","@id":"https:\/\/tickfaster.com\/lv\/noteikumi\/","url":"https:\/\/tickfaster.com\/lv\/noteikumi\/","name":"Noteikumi - Tick Faster","isPartOf":{"@id":"https:\/\/tickfaster.com\/lv\/#website"},"datePublished":"2019-01-09T08:18:50+00:00","dateModified":"2019-09-12T12:42:49+00:00","breadcrumb":{"@id":"https:\/\/tickfaster.com\/lv\/noteikumi\/#breadcrumb"},"inLanguage":"lv","potentialAction":[{"@type":"ReadAction","target":["https:\/\/tickfaster.com\/lv\/noteikumi\/"]}]},{"@type":"BreadcrumbList","@id":"https:\/\/tickfaster.com\/lv\/noteikumi\/#breadcrumb","itemListElement":[{"@type":"ListItem","position":1,"name":"Home","item":"https:\/\/tickfaster.com\/lv\/"},{"@type":"ListItem","position":2,"name":"Noteikumi"}]},{"@type":"WebSite","@id":"https:\/\/tickfaster.com\/lv\/#website","url":"https:\/\/tickfaster.com\/lv\/","name":"Tick Faster","description":"","publisher":{"@id":"https:\/\/tickfaster.com\/lv\/#organization"},"potentialAction":[{"@type":"SearchAction","target":{"@type":"EntryPoint","urlTemplate":"https:\/\/tickfaster.com\/lv\/?s={search_term_string}"},"query-input":"required name=search_term_string"}],"inLanguage":"lv"},{"@type":"Organization","@id":"https:\/\/tickfaster.com\/lv\/#organization","name":"SIA \"Tick Faster\"","url":"https:\/\/tickfaster.com\/lv\/","logo":{"@type":"ImageObject","inLanguage":"lv","@id":"https:\/\/tickfaster.com\/lv\/#\/schema\/logo\/image\/","url":"https:\/\/tickfaster.com\/lv\/wp-content\/uploads\/sites\/2\/logo.png","contentUrl":"https:\/\/tickfaster.com\/lv\/wp-content\/uploads\/sites\/2\/logo.png","width":306,"height":157,"caption":"SIA \"Tick Faster\""},"image":{"@id":"https:\/\/tickfaster.com\/lv\/#\/schema\/logo\/image\/"}}]}},"_links":{"self":[{"href":"https:\/\/tickfaster.com\/lv\/wp-json\/wp\/v2\/pages\/65"}],"collection":[{"href":"https:\/\/tickfaster.com\/lv\/wp-json\/wp\/v2\/pages"}],"about":[{"href":"https:\/\/tickfaster.com\/lv\/wp-json\/wp\/v2\/types\/page"}],"author":[{"embeddable":true,"href":"https:\/\/tickfaster.com\/lv\/wp-json\/wp\/v2\/users\/1"}],"replies":[{"embeddable":true,"href":"https:\/\/tickfaster.com\/lv\/wp-json\/wp\/v2\/comments?post=65"}],"version-history":[{"count":4,"href":"https:\/\/tickfaster.com\/lv\/wp-json\/wp\/v2\/pages\/65\/revisions"}],"predecessor-version":[{"id":570,"href":"https:\/\/tickfaster.com\/lv\/wp-json\/wp\/v2\/pages\/65\/revisions\/570"}],"wp:attachment":[{"href":"https:\/\/tickfaster.com\/lv\/wp-json\/wp\/v2\/media?parent=65"}],"curies":[{"name":"wp","href":"https:\/\/api.w.org\/{rel}","templated":true}]}}