{"id":194,"date":"2019-08-02T16:11:46","date_gmt":"2019-08-02T13:11:46","guid":{"rendered":"https:\/\/tickfaster.com\/lv\/?page_id=194"},"modified":"2019-11-27T16:25:37","modified_gmt":"2019-11-27T14:25:37","slug":"sakums","status":"publish","type":"page","link":"https:\/\/tickfaster.com\/lv\/","title":{"rendered":"S\u0101kums"},"content":{"rendered":"\t\t<div data-elementor-type=\"wp-page\" data-elementor-id=\"194\" class=\"elementor elementor-194\">\n\t\t\t\t\t\t<div class=\"elementor-inner\">\n\t\t\t\t<div class=\"elementor-section-wrap\">\n\t\t\t\t\t\t\t\t\t<section class=\"elementor-section elementor-top-section elementor-element elementor-element-3e79ad5a elementor-section-height-min-height elementor-section-items-bottom elementor-section-boxed elementor-section-height-default\" data-id=\"3e79ad5a\" data-element_type=\"section\" data-settings=\"{&quot;background_background&quot;:&quot;gradient&quot;,&quot;shape_divider_bottom&quot;:&quot;waves&quot;}\">\n\t\t\t\t\t\t\t<div class=\"elementor-background-overlay\"><\/div>\n\t\t\t\t\t\t<div class=\"elementor-shape elementor-shape-bottom\" data-negative=\"false\">\n\t\t\t<svg xmlns=\"http:\/\/www.w3.org\/2000\/svg\" viewBox=\"0 0 1000 100\" preserveAspectRatio=\"none\">\n\t<path class=\"elementor-shape-fill\" d=\"M421.9,6.5c22.6-2.5,51.5,0.4,75.5,5.3c23.6,4.9,70.9,23.5,100.5,35.7c75.8,32.2,133.7,44.5,192.6,49.7\n\tc23.6,2.1,48.7,3.5,103.4-2.5c54.7-6,106.2-25.6,106.2-25.6V0H0v30.3c0,0,72,32.6,158.4,30.5c39.2-0.7,92.8-6.7,134-22.4\n\tc21.2-8.1,52.2-18.2,79.7-24.2C399.3,7.9,411.6,7.5,421.9,6.5z\"\/>\n<\/svg>\t\t<\/div>\n\t\t\t\t\t<div class=\"elementor-container elementor-column-gap-default\">\n\t\t\t\t\t\t\t<div class=\"elementor-row\">\n\t\t\t\t\t<div class=\"elementor-column elementor-col-50 elementor-top-column elementor-element elementor-element-77b242c elementor-hidden-phone\" data-id=\"77b242c\" data-element_type=\"column\">\n\t\t\t<div class=\"elementor-column-wrap elementor-element-populated\">\n\t\t\t\t\t\t\t<div class=\"elementor-widget-wrap\">\n\t\t\t\t\t\t<div class=\"elementor-element elementor-element-bbb4c60 elementor-widget elementor-widget-image\" data-id=\"bbb4c60\" data-element_type=\"widget\" data-settings=\"{&quot;motion_fx_motion_fx_scrolling&quot;:&quot;yes&quot;,&quot;motion_fx_translateY_effect&quot;:&quot;yes&quot;,&quot;motion_fx_translateY_speed&quot;:{&quot;unit&quot;:&quot;px&quot;,&quot;size&quot;:&quot;1&quot;,&quot;sizes&quot;:[]},&quot;_animation&quot;:&quot;none&quot;,&quot;motion_fx_translateY_affectedRange&quot;:{&quot;unit&quot;:&quot;%&quot;,&quot;size&quot;:&quot;&quot;,&quot;sizes&quot;:{&quot;start&quot;:0,&quot;end&quot;:100}},&quot;motion_fx_devices&quot;:[&quot;desktop&quot;,&quot;tablet&quot;,&quot;mobile&quot;]}\" data-widget_type=\"image.default\">\n\t\t\t\t<div class=\"elementor-widget-container\">\n\t\t\t\t\t\t\t\t<div class=\"elementor-image\">\n\t\t\t\t\t\t\t\t\t\t\t\t<img decoding=\"async\" width=\"700\" height=\"900\" src=\"https:\/\/tickfaster.com\/lv\/wp-content\/uploads\/sites\/2\/konsultaciju-klientu-magnets.png\" class=\"attachment-full size-full wp-image-391\" alt=\"\" loading=\"lazy\" srcset=\"https:\/\/tickfaster.com\/lv\/wp-content\/uploads\/sites\/2\/konsultaciju-klientu-magnets.png 700w, https:\/\/tickfaster.com\/lv\/wp-content\/uploads\/sites\/2\/konsultaciju-klientu-magnets-233x300.png 233w, https:\/\/tickfaster.com\/lv\/wp-content\/uploads\/sites\/2\/konsultaciju-klientu-magnets-600x771.png 600w\" sizes=\"(max-width: 700px) 100vw, 700px\" \/>\t\t\t\t\t\t\t\t\t\t\t\t\t\t<\/div>\n\t\t\t\t\t\t<\/div>\n\t\t\t\t<\/div>\n\t\t\t\t\t\t<\/div>\n\t\t\t\t\t<\/div>\n\t\t<\/div>\n\t\t\t\t<div class=\"elementor-column elementor-col-50 elementor-top-column elementor-element elementor-element-4d8e2593\" data-id=\"4d8e2593\" data-element_type=\"column\">\n\t\t\t<div class=\"elementor-column-wrap elementor-element-populated\">\n\t\t\t\t\t\t\t<div class=\"elementor-widget-wrap\">\n\t\t\t\t\t\t<div class=\"elementor-element elementor-element-50ea3436 elementor-widget elementor-widget-heading\" data-id=\"50ea3436\" data-element_type=\"widget\" data-widget_type=\"heading.default\">\n\t\t\t\t<div class=\"elementor-widget-container\">\n\t\t\t<h3 class=\"elementor-heading-title elementor-size-default\">Gr\u0101mata Tava biznesa izaugsmei<\/h3>\t\t<\/div>\n\t\t\t\t<\/div>\n\t\t\t\t<div class=\"elementor-element elementor-element-497e7e24 elementor-widget elementor-widget-heading\" data-id=\"497e7e24\" data-element_type=\"widget\" data-widget_type=\"heading.default\">\n\t\t\t\t<div class=\"elementor-widget-container\">\n\t\t\t<h1 class=\"elementor-heading-title elementor-size-default\">Prognoz\u0113jami un bez p\u016bl\u0113m piesaisti klientus savam biznesam!<\/h1>\t\t<\/div>\n\t\t\t\t<\/div>\n\t\t\t\t<div class=\"elementor-element elementor-element-640c73b elementor-hidden-desktop elementor-hidden-tablet elementor-widget elementor-widget-image\" data-id=\"640c73b\" data-element_type=\"widget\" data-widget_type=\"image.default\">\n\t\t\t\t<div class=\"elementor-widget-container\">\n\t\t\t\t\t\t\t\t<div class=\"elementor-image\">\n\t\t\t\t\t\t\t\t\t\t\t\t<img decoding=\"async\" src=\"https:\/\/tickfaster.com\/lv\/wp-content\/uploads\/sites\/2\/elementor\/thumbs\/konsultaciju-klientu-magnets-od9m6sl2sfyhjt2yd3rag5z4hmcwwibbjorysioduc.png\" title=\"konsultaciju-klientu-magnets\" alt=\"konsultaciju-klientu-magnets\" loading=\"lazy\" \/>\t\t\t\t\t\t\t\t\t\t\t\t\t\t<\/div>\n\t\t\t\t\t\t<\/div>\n\t\t\t\t<\/div>\n\t\t\t\t<div class=\"elementor-element elementor-element-5dc9c0fe elementor-widget elementor-widget-text-editor\" data-id=\"5dc9c0fe\" data-element_type=\"widget\" data-widget_type=\"text-editor.default\">\n\t\t\t\t<div class=\"elementor-widget-container\">\n\t\t\t\t\t\t\t\t<div class=\"elementor-text-editor elementor-clearfix\">\n\t\t\t\t<p>Lejupl\u0101d\u0113 BEZMAKSAS gr\u0101matu, lai uzzin\u0101tu kur mekl\u0113t un k\u0101 atkl\u0101t potenci\u0101los klientus un veicin\u0101t sava pakalpojuma p\u0101rdo\u0161anu!<\/p>\t\t\t\t\t<\/div>\n\t\t\t\t\t\t<\/div>\n\t\t\t\t<\/div>\n\t\t\t\t<div class=\"elementor-element elementor-element-395233e3 elementor-mobile-align-center elementor-widget elementor-widget-button\" data-id=\"395233e3\" data-element_type=\"widget\" data-widget_type=\"button.default\">\n\t\t\t\t<div class=\"elementor-widget-container\">\n\t\t\t\t\t<div class=\"elementor-button-wrapper\">\n\t\t\t<a href=\"#elementor-action%3Aaction%3Dpopup%3Aopen%26settings%3DeyJpZCI6IjQ4OSIsInRvZ2dsZSI6ZmFsc2V9\" class=\"elementor-button-link elementor-button elementor-size-md\" role=\"button\">\n\t\t\t\t\t\t<span class=\"elementor-button-content-wrapper\">\n\t\t\t\t\t\t\t<span class=\"elementor-button-icon elementor-align-icon-right\">\n\t\t\t\t<i aria-hidden=\"true\" class=\"fas fa-arrow-right\"><\/i>\t\t\t<\/span>\n\t\t\t\t\t\t<span class=\"elementor-button-text\">Ieg\u016bt T\u016bl\u012bt<\/span>\n\t\t<\/span>\n\t\t\t\t\t<\/a>\n\t\t<\/div>\n\t\t\t\t<\/div>\n\t\t\t\t<\/div>\n\t\t\t\t<div class=\"elementor-element elementor-element-936021c elementor-widget__width-initial elementor-fixed elementor-hidden-desktop elementor-hidden-tablet elementor-hidden-phone elementor-widget elementor-widget-button\" data-id=\"936021c\" data-element_type=\"widget\" data-settings=\"{&quot;_position&quot;:&quot;fixed&quot;}\" data-widget_type=\"button.default\">\n\t\t\t\t<div class=\"elementor-widget-container\">\n\t\t\t\t\t<div class=\"elementor-button-wrapper\">\n\t\t\t<a class=\"elementor-button elementor-size-md\" role=\"button\">\n\t\t\t\t\t\t<span class=\"elementor-button-content-wrapper\">\n\t\t\t\t\t\t\t<span class=\"elementor-button-icon elementor-align-icon-right\">\n\t\t\t\t<i aria-hidden=\"true\" class=\"fab fa-facebook-messenger\"><\/i>\t\t\t<\/span>\n\t\t\t\t\t\t<span class=\"elementor-button-text\"><\/span>\n\t\t<\/span>\n\t\t\t\t\t<\/a>\n\t\t<\/div>\n\t\t\t\t<\/div>\n\t\t\t\t<\/div>\n\t\t\t\t\t\t<\/div>\n\t\t\t\t\t<\/div>\n\t\t<\/div>\n\t\t\t\t\t\t\t\t<\/div>\n\t\t\t\t\t<\/div>\n\t\t<\/section>\n\t\t\t\t<section class=\"elementor-section elementor-top-section elementor-element elementor-element-7e890d4 elementor-section-height-min-height elementor-section-boxed elementor-section-height-default elementor-section-items-middle\" data-id=\"7e890d4\" data-element_type=\"section\">\n\t\t\t\t\t\t<div class=\"elementor-container elementor-column-gap-default\">\n\t\t\t\t\t\t\t<div class=\"elementor-row\">\n\t\t\t\t\t<div class=\"elementor-column elementor-col-100 elementor-top-column elementor-element elementor-element-b0bb1b3\" data-id=\"b0bb1b3\" data-element_type=\"column\">\n\t\t\t<div class=\"elementor-column-wrap\">\n\t\t\t\t\t\t\t<div class=\"elementor-widget-wrap\">\n\t\t\t\t\t\t\t\t<\/div>\n\t\t\t\t\t<\/div>\n\t\t<\/div>\n\t\t\t\t\t\t\t\t<\/div>\n\t\t\t\t\t<\/div>\n\t\t<\/section>\n\t\t\t\t\t\t\t\t\t<\/div>\n\t\t\t<\/div>\n\t\t\t\t\t<\/div>\n\t\t","protected":false},"excerpt":{"rendered":"<p>Gr\u0101mata Tava biznesa izaugsmei Prognoz\u0113jami un bez p\u016bl\u0113m piesaisti klientus savam biznesam! Lejupl\u0101d\u0113 BEZMAKSAS gr\u0101matu, lai uzzin\u0101tu kur mekl\u0113t un k\u0101 atkl\u0101t potenci\u0101los klientus un veicin\u0101t sava pakalpojuma p\u0101rdo\u0161anu! Ieg\u016bt T\u016bl\u012bt<\/p>\n","protected":false},"author":1,"featured_media":0,"parent":0,"menu_order":0,"comment_status":"closed","ping_status":"closed","template":"elementor_header_footer","meta":[],"yoast_head":"<!-- This site is optimized with the Yoast SEO plugin v19.14 - https:\/\/yoast.com\/wordpress\/plugins\/seo\/ -->\n<title>S\u0101kums - Tick Faster<\/title>\n<meta name=\"robots\" content=\"noindex, follow\" \/>\n<meta property=\"og:locale\" content=\"lv_LV\" \/>\n<meta property=\"og:type\" content=\"article\" \/>\n<meta property=\"og:title\" content=\"S\u0101kums - Tick Faster\" \/>\n<meta property=\"og:description\" content=\"Gr\u0101mata Tava biznesa izaugsmei Prognoz\u0113jami un bez p\u016bl\u0113m piesaisti klientus savam biznesam! Lejupl\u0101d\u0113 BEZMAKSAS gr\u0101matu, lai uzzin\u0101tu kur mekl\u0113t un k\u0101 atkl\u0101t potenci\u0101los klientus un veicin\u0101t sava pakalpojuma p\u0101rdo\u0161anu! Ieg\u016bt T\u016bl\u012bt\" \/>\n<meta property=\"og:url\" content=\"https:\/\/tickfaster.com\/lv\/\" \/>\n<meta property=\"og:site_name\" content=\"Tick Faster\" \/>\n<meta property=\"article:modified_time\" content=\"2019-11-27T14:25:37+00:00\" \/>\n<meta property=\"og:image\" content=\"https:\/\/tickfaster.com\/lv\/wp-content\/uploads\/sites\/2\/konsultaciju-klientu-magnets.png\" \/>\n<meta name=\"twitter:card\" content=\"summary_large_image\" \/>\n<script type=\"application\/ld+json\" class=\"yoast-schema-graph\">{\"@context\":\"https:\/\/schema.org\",\"@graph\":[{\"@type\":\"WebPage\",\"@id\":\"https:\/\/tickfaster.com\/lv\/\",\"url\":\"https:\/\/tickfaster.com\/lv\/\",\"name\":\"S\u0101kums - Tick Faster\",\"isPartOf\":{\"@id\":\"https:\/\/tickfaster.com\/lv\/#website\"},\"datePublished\":\"2019-08-02T13:11:46+00:00\",\"dateModified\":\"2019-11-27T14:25:37+00:00\",\"breadcrumb\":{\"@id\":\"https:\/\/tickfaster.com\/lv\/#breadcrumb\"},\"inLanguage\":\"lv\",\"potentialAction\":[{\"@type\":\"ReadAction\",\"target\":[\"https:\/\/tickfaster.com\/lv\/\"]}]},{\"@type\":\"BreadcrumbList\",\"@id\":\"https:\/\/tickfaster.com\/lv\/#breadcrumb\",\"itemListElement\":[{\"@type\":\"ListItem\",\"position\":1,\"name\":\"Home\",\"item\":\"https:\/\/tickfaster.com\/lv\/\"},{\"@type\":\"ListItem\",\"position\":2,\"name\":\"S\u0101kums\"}]},{\"@type\":\"WebSite\",\"@id\":\"https:\/\/tickfaster.com\/lv\/#website\",\"url\":\"https:\/\/tickfaster.com\/lv\/\",\"name\":\"Tick Faster\",\"description\":\"\",\"publisher\":{\"@id\":\"https:\/\/tickfaster.com\/lv\/#organization\"},\"potentialAction\":[{\"@type\":\"SearchAction\",\"target\":{\"@type\":\"EntryPoint\",\"urlTemplate\":\"https:\/\/tickfaster.com\/lv\/?s={search_term_string}\"},\"query-input\":\"required name=search_term_string\"}],\"inLanguage\":\"lv\"},{\"@type\":\"Organization\",\"@id\":\"https:\/\/tickfaster.com\/lv\/#organization\",\"name\":\"SIA \\\"Tick Faster\\\"\",\"url\":\"https:\/\/tickfaster.com\/lv\/\",\"logo\":{\"@type\":\"ImageObject\",\"inLanguage\":\"lv\",\"@id\":\"https:\/\/tickfaster.com\/lv\/#\/schema\/logo\/image\/\",\"url\":\"https:\/\/tickfaster.com\/lv\/wp-content\/uploads\/sites\/2\/logo.png\",\"contentUrl\":\"https:\/\/tickfaster.com\/lv\/wp-content\/uploads\/sites\/2\/logo.png\",\"width\":306,\"height\":157,\"caption\":\"SIA \\\"Tick Faster\\\"\"},\"image\":{\"@id\":\"https:\/\/tickfaster.com\/lv\/#\/schema\/logo\/image\/\"}}]}<\/script>\n<!-- \/ Yoast SEO plugin. -->","yoast_head_json":{"title":"S\u0101kums - Tick Faster","robots":{"index":"noindex","follow":"follow"},"og_locale":"lv_LV","og_type":"article","og_title":"S\u0101kums - Tick Faster","og_description":"Gr\u0101mata Tava biznesa izaugsmei Prognoz\u0113jami un bez p\u016bl\u0113m piesaisti klientus savam biznesam! Lejupl\u0101d\u0113 BEZMAKSAS gr\u0101matu, lai uzzin\u0101tu kur mekl\u0113t un k\u0101 atkl\u0101t potenci\u0101los klientus un veicin\u0101t sava pakalpojuma p\u0101rdo\u0161anu! Ieg\u016bt T\u016bl\u012bt","og_url":"https:\/\/tickfaster.com\/lv\/","og_site_name":"Tick Faster","article_modified_time":"2019-11-27T14:25:37+00:00","og_image":[{"url":"https:\/\/tickfaster.com\/lv\/wp-content\/uploads\/sites\/2\/konsultaciju-klientu-magnets.png"}],"twitter_card":"summary_large_image","schema":{"@context":"https:\/\/schema.org","@graph":[{"@type":"WebPage","@id":"https:\/\/tickfaster.com\/lv\/","url":"https:\/\/tickfaster.com\/lv\/","name":"S\u0101kums - Tick Faster","isPartOf":{"@id":"https:\/\/tickfaster.com\/lv\/#website"},"datePublished":"2019-08-02T13:11:46+00:00","dateModified":"2019-11-27T14:25:37+00:00","breadcrumb":{"@id":"https:\/\/tickfaster.com\/lv\/#breadcrumb"},"inLanguage":"lv","potentialAction":[{"@type":"ReadAction","target":["https:\/\/tickfaster.com\/lv\/"]}]},{"@type":"BreadcrumbList","@id":"https:\/\/tickfaster.com\/lv\/#breadcrumb","itemListElement":[{"@type":"ListItem","position":1,"name":"Home","item":"https:\/\/tickfaster.com\/lv\/"},{"@type":"ListItem","position":2,"name":"S\u0101kums"}]},{"@type":"WebSite","@id":"https:\/\/tickfaster.com\/lv\/#website","url":"https:\/\/tickfaster.com\/lv\/","name":"Tick Faster","description":"","publisher":{"@id":"https:\/\/tickfaster.com\/lv\/#organization"},"potentialAction":[{"@type":"SearchAction","target":{"@type":"EntryPoint","urlTemplate":"https:\/\/tickfaster.com\/lv\/?s={search_term_string}"},"query-input":"required name=search_term_string"}],"inLanguage":"lv"},{"@type":"Organization","@id":"https:\/\/tickfaster.com\/lv\/#organization","name":"SIA \"Tick Faster\"","url":"https:\/\/tickfaster.com\/lv\/","logo":{"@type":"ImageObject","inLanguage":"lv","@id":"https:\/\/tickfaster.com\/lv\/#\/schema\/logo\/image\/","url":"https:\/\/tickfaster.com\/lv\/wp-content\/uploads\/sites\/2\/logo.png","contentUrl":"https:\/\/tickfaster.com\/lv\/wp-content\/uploads\/sites\/2\/logo.png","width":306,"height":157,"caption":"SIA \"Tick Faster\""},"image":{"@id":"https:\/\/tickfaster.com\/lv\/#\/schema\/logo\/image\/"}}]}},"_links":{"self":[{"href":"https:\/\/tickfaster.com\/lv\/wp-json\/wp\/v2\/pages\/194"}],"collection":[{"href":"https:\/\/tickfaster.com\/lv\/wp-json\/wp\/v2\/pages"}],"about":[{"href":"https:\/\/tickfaster.com\/lv\/wp-json\/wp\/v2\/types\/page"}],"author":[{"embeddable":true,"href":"https:\/\/tickfaster.com\/lv\/wp-json\/wp\/v2\/users\/1"}],"replies":[{"embeddable":true,"href":"https:\/\/tickfaster.com\/lv\/wp-json\/wp\/v2\/comments?post=194"}],"version-history":[{"count":16,"href":"https:\/\/tickfaster.com\/lv\/wp-json\/wp\/v2\/pages\/194\/revisions"}],"predecessor-version":[{"id":1530,"href":"https:\/\/tickfaster.com\/lv\/wp-json\/wp\/v2\/pages\/194\/revisions\/1530"}],"wp:attachment":[{"href":"https:\/\/tickfaster.com\/lv\/wp-json\/wp\/v2\/media?parent=194"}],"curies":[{"name":"wp","href":"https:\/\/api.w.org\/{rel}","templated":true}]}}